{"id":1829,"date":"2020-04-13T11:18:50","date_gmt":"2020-04-13T11:18:50","guid":{"rendered":"http:\/\/1gskills.fr\/index.php\/services\/"},"modified":"2025-02-21T09:28:30","modified_gmt":"2025-02-21T08:28:30","slug":"services","status":"publish","type":"page","link":"https:\/\/1gskills.fr\/index.php\/services\/","title":{"rendered":"Services"},"content":{"rendered":"\t\t<div data-elementor-type=\"wp-page\" data-elementor-id=\"1829\" class=\"elementor elementor-1829\">\n\t\t\t\t\t\t\t\t\t<section class=\"elementor-section elementor-top-section elementor-element elementor-element-1b0a5d33 elementor-section-boxed elementor-section-height-default elementor-section-height-default\" data-id=\"1b0a5d33\" data-element_type=\"section\" data-settings=\"{&quot;background_background&quot;:&quot;slideshow&quot;,&quot;background_slideshow_gallery&quot;:[{&quot;id&quot;:1822,&quot;url&quot;:&quot;https:\\\/\\\/1gskills.fr\\\/wp-content\\\/uploads\\\/2020\\\/04\\\/fogs-on-green-mountain-1054222.jpg&quot;}],&quot;background_slideshow_loop&quot;:&quot;yes&quot;,&quot;background_slideshow_slide_duration&quot;:5000,&quot;background_slideshow_slide_transition&quot;:&quot;fade&quot;,&quot;background_slideshow_transition_duration&quot;:500}\">\n\t\t\t\t\t\t\t<div class=\"elementor-background-overlay\"><\/div>\n\t\t\t\t\t\t\t<div class=\"elementor-container elementor-column-gap-default\">\n\t\t\t\t\t<div class=\"elementor-column elementor-col-100 elementor-top-column elementor-element elementor-element-1f841ba\" data-id=\"1f841ba\" data-element_type=\"column\">\n\t\t\t<div class=\"elementor-widget-wrap elementor-element-populated\">\n\t\t\t\t\t\t\t\t<div class=\"elementor-element elementor-element-365ba0bd elementor-widget elementor-widget-heading\" data-id=\"365ba0bd\" data-element_type=\"widget\" data-widget_type=\"heading.default\">\n\t\t\t\t<div class=\"elementor-widget-container\">\n\t\t\t<style>\/*! elementor - v3.11.5 - 14-03-2023 *\/\n.elementor-heading-title{padding:0;margin:0;line-height:1}.elementor-widget-heading .elementor-heading-title[class*=elementor-size-]>a{color:inherit;font-size:inherit;line-height:inherit}.elementor-widget-heading .elementor-heading-title.elementor-size-small{font-size:15px}.elementor-widget-heading .elementor-heading-title.elementor-size-medium{font-size:19px}.elementor-widget-heading .elementor-heading-title.elementor-size-large{font-size:29px}.elementor-widget-heading .elementor-heading-title.elementor-size-xl{font-size:39px}.elementor-widget-heading .elementor-heading-title.elementor-size-xxl{font-size:59px}<\/style><h1 class=\"elementor-heading-title elementor-size-default\">offre de Services 1Gskills<\/h1>\t\t<\/div>\n\t\t\t\t<\/div>\n\t\t\t\t\t<\/div>\n\t\t<\/div>\n\t\t\t\t\t\t\t<\/div>\n\t\t<\/section>\n\t\t\t\t<section class=\"elementor-section elementor-top-section elementor-element elementor-element-4d2c9e9 elementor-reverse-mobile elementor-section-boxed elementor-section-height-default elementor-section-height-default\" data-id=\"4d2c9e9\" data-element_type=\"section\">\n\t\t\t\t\t\t<div class=\"elementor-container elementor-column-gap-no\">\n\t\t\t\t\t<div class=\"elementor-column elementor-col-50 elementor-top-column elementor-element elementor-element-1148300\" data-id=\"1148300\" data-element_type=\"column\">\n\t\t\t<div class=\"elementor-widget-wrap elementor-element-populated\">\n\t\t\t\t\t\t\t\t<div class=\"elementor-element elementor-element-f142ca0 elementor-position-top elementor-vertical-align-top elementor-widget elementor-widget-image-box\" data-id=\"f142ca0\" data-element_type=\"widget\" data-widget_type=\"image-box.default\">\n\t\t\t\t<div class=\"elementor-widget-container\">\n\t\t\t<style>\/*! elementor - v3.11.5 - 14-03-2023 *\/\n.elementor-widget-image-box .elementor-image-box-content{width:100%}@media (min-width:768px){.elementor-widget-image-box.elementor-position-left .elementor-image-box-wrapper,.elementor-widget-image-box.elementor-position-right .elementor-image-box-wrapper{display:flex}.elementor-widget-image-box.elementor-position-right .elementor-image-box-wrapper{text-align:right;flex-direction:row-reverse}.elementor-widget-image-box.elementor-position-left .elementor-image-box-wrapper{text-align:left;flex-direction:row}.elementor-widget-image-box.elementor-position-top .elementor-image-box-img{margin:auto}.elementor-widget-image-box.elementor-vertical-align-top .elementor-image-box-wrapper{align-items:flex-start}.elementor-widget-image-box.elementor-vertical-align-middle .elementor-image-box-wrapper{align-items:center}.elementor-widget-image-box.elementor-vertical-align-bottom .elementor-image-box-wrapper{align-items:flex-end}}@media (max-width:767px){.elementor-widget-image-box .elementor-image-box-img{margin-left:auto!important;margin-right:auto!important;margin-bottom:15px}}.elementor-widget-image-box .elementor-image-box-img{display:inline-block}.elementor-widget-image-box .elementor-image-box-title a{color:inherit}.elementor-widget-image-box .elementor-image-box-wrapper{text-align:center}.elementor-widget-image-box .elementor-image-box-description{margin:0}<\/style><div class=\"elementor-image-box-wrapper\"><div class=\"elementor-image-box-content\"><h2 class=\"elementor-image-box-title\">Conseil<\/h2><\/div><\/div>\t\t<\/div>\n\t\t\t\t<\/div>\n\t\t\t\t<div class=\"elementor-element elementor-element-aefd80b elementor-widget elementor-widget-text-editor\" data-id=\"aefd80b\" data-element_type=\"widget\" data-widget_type=\"text-editor.default\">\n\t\t\t\t<div class=\"elementor-widget-container\">\n\t\t\t<style>\/*! elementor - v3.11.5 - 14-03-2023 *\/\n.elementor-widget-text-editor.elementor-drop-cap-view-stacked .elementor-drop-cap{background-color:#818a91;color:#fff}.elementor-widget-text-editor.elementor-drop-cap-view-framed .elementor-drop-cap{color:#818a91;border:3px solid;background-color:transparent}.elementor-widget-text-editor:not(.elementor-drop-cap-view-default) .elementor-drop-cap{margin-top:8px}.elementor-widget-text-editor:not(.elementor-drop-cap-view-default) .elementor-drop-cap-letter{width:1em;height:1em}.elementor-widget-text-editor .elementor-drop-cap{float:left;text-align:center;line-height:1;font-size:50px}.elementor-widget-text-editor .elementor-drop-cap-letter{display:inline-block}<\/style>\t\t\t\t<p>Elaboration de r\u00e9f\u00e9rentiels emplois \/ comp\u00e9tences<\/p><p>Construction de strat\u00e9gies emploi et formation<\/p><p>Accompagnement aux changements<\/p>\t\t\t\t\t\t<\/div>\n\t\t\t\t<\/div>\n\t\t\t\t<div class=\"elementor-element elementor-element-7334a220 elementor-widget elementor-widget-button\" data-id=\"7334a220\" data-element_type=\"widget\" data-widget_type=\"button.default\">\n\t\t\t\t<div class=\"elementor-widget-container\">\n\t\t\t\t\t<div class=\"elementor-button-wrapper\">\n\t\t\t<a href=\"https:\/\/1gskills.fr\/index.php\/contact\/\" class=\"elementor-button-link elementor-button elementor-size-sm\" role=\"button\">\n\t\t\t\t\t\t<span class=\"elementor-button-content-wrapper\">\n\t\t\t\t\t\t<span class=\"elementor-button-text\">Contact<\/span>\n\t\t<\/span>\n\t\t\t\t\t<\/a>\n\t\t<\/div>\n\t\t\t\t<\/div>\n\t\t\t\t<\/div>\n\t\t\t\t\t<\/div>\n\t\t<\/div>\n\t\t\t\t<div class=\"elementor-column elementor-col-50 elementor-top-column elementor-element elementor-element-7285665\" data-id=\"7285665\" data-element_type=\"column\">\n\t\t\t<div class=\"elementor-widget-wrap elementor-element-populated\">\n\t\t\t\t\t\t\t\t<div class=\"elementor-element elementor-element-508aa5f0 elementor-widget elementor-widget-image\" data-id=\"508aa5f0\" data-element_type=\"widget\" data-widget_type=\"image.default\">\n\t\t\t\t<div class=\"elementor-widget-container\">\n\t\t\t<style>\/*! elementor - v3.11.5 - 14-03-2023 *\/\n.elementor-widget-image{text-align:center}.elementor-widget-image a{display:inline-block}.elementor-widget-image a img[src$=\".svg\"]{width:48px}.elementor-widget-image img{vertical-align:middle;display:inline-block}<\/style>\t\t\t\t\t\t\t\t\t\t\t\t<img loading=\"lazy\" decoding=\"async\" width=\"1024\" height=\"682\" src=\"https:\/\/1gskills.fr\/wp-content\/uploads\/2020\/04\/green-leafed-trees-during-fog-time-167684-1024x682.jpg\" class=\"attachment-large size-large wp-image-1819\" alt=\"\" srcset=\"https:\/\/1gskills.fr\/wp-content\/uploads\/2020\/04\/green-leafed-trees-during-fog-time-167684-1024x682.jpg 1024w, https:\/\/1gskills.fr\/wp-content\/uploads\/2020\/04\/green-leafed-trees-during-fog-time-167684-300x200.jpg 300w, https:\/\/1gskills.fr\/wp-content\/uploads\/2020\/04\/green-leafed-trees-during-fog-time-167684-768x512.jpg 768w, https:\/\/1gskills.fr\/wp-content\/uploads\/2020\/04\/green-leafed-trees-during-fog-time-167684.jpg 1280w\" sizes=\"auto, (max-width: 1024px) 100vw, 1024px\" \/>\t\t\t\t\t\t\t\t\t\t\t\t\t\t\t<\/div>\n\t\t\t\t<\/div>\n\t\t\t\t\t<\/div>\n\t\t<\/div>\n\t\t\t\t\t\t\t<\/div>\n\t\t<\/section>\n\t\t\t\t<section class=\"elementor-section elementor-top-section elementor-element elementor-element-9e09982 elementor-section-boxed elementor-section-height-default elementor-section-height-default\" data-id=\"9e09982\" data-element_type=\"section\">\n\t\t\t\t\t\t<div class=\"elementor-container elementor-column-gap-no\">\n\t\t\t\t\t<div class=\"elementor-column elementor-col-50 elementor-top-column elementor-element elementor-element-4b9de95\" data-id=\"4b9de95\" data-element_type=\"column\">\n\t\t\t<div class=\"elementor-widget-wrap elementor-element-populated\">\n\t\t\t\t\t\t\t\t<div class=\"elementor-element elementor-element-1fab74e0 elementor-widget elementor-widget-image\" data-id=\"1fab74e0\" data-element_type=\"widget\" data-widget_type=\"image.default\">\n\t\t\t\t<div class=\"elementor-widget-container\">\n\t\t\t\t\t\t\t\t\t\t\t\t\t\t\t<img loading=\"lazy\" decoding=\"async\" width=\"1024\" height=\"682\" src=\"https:\/\/1gskills.fr\/wp-content\/uploads\/2020\/04\/snowy-mountain-1287145-1024x682.jpg\" class=\"attachment-large size-large wp-image-1820\" alt=\"\" srcset=\"https:\/\/1gskills.fr\/wp-content\/uploads\/2020\/04\/snowy-mountain-1287145-1024x682.jpg 1024w, https:\/\/1gskills.fr\/wp-content\/uploads\/2020\/04\/snowy-mountain-1287145-300x200.jpg 300w, https:\/\/1gskills.fr\/wp-content\/uploads\/2020\/04\/snowy-mountain-1287145-768x512.jpg 768w, https:\/\/1gskills.fr\/wp-content\/uploads\/2020\/04\/snowy-mountain-1287145.jpg 1280w\" sizes=\"auto, (max-width: 1024px) 100vw, 1024px\" \/>\t\t\t\t\t\t\t\t\t\t\t\t\t\t\t<\/div>\n\t\t\t\t<\/div>\n\t\t\t\t\t<\/div>\n\t\t<\/div>\n\t\t\t\t<div class=\"elementor-column elementor-col-50 elementor-top-column elementor-element elementor-element-ddc17dc\" data-id=\"ddc17dc\" data-element_type=\"column\">\n\t\t\t<div class=\"elementor-widget-wrap elementor-element-populated\">\n\t\t\t\t\t\t\t\t<div class=\"elementor-element elementor-element-5fd89a9 elementor-position-top elementor-vertical-align-top elementor-widget elementor-widget-image-box\" data-id=\"5fd89a9\" data-element_type=\"widget\" data-widget_type=\"image-box.default\">\n\t\t\t\t<div class=\"elementor-widget-container\">\n\t\t\t<div class=\"elementor-image-box-wrapper\"><div class=\"elementor-image-box-content\"><h2 class=\"elementor-image-box-title\">Formations<\/h2><\/div><\/div>\t\t<\/div>\n\t\t\t\t<\/div>\n\t\t\t\t<div class=\"elementor-element elementor-element-247d0e4 elementor-widget elementor-widget-text-editor\" data-id=\"247d0e4\" data-element_type=\"widget\" data-widget_type=\"text-editor.default\">\n\t\t\t\t<div class=\"elementor-widget-container\">\n\t\t\t\t\t\t\t<p>Formation de formateurs, de tuteurs&nbsp;<\/p>\n<p>D\u00e9velopper son management&nbsp;<\/p>\n<p>RH et pr\u00e9vention de la sant\u00e9 au travail (RPS, VSS)<\/p>\n<p>Communication (aisance professionnelle et assertivit\u00e9)<\/p>\n<p>Gestion des situations difficiles (conflits, incivilit\u00e9s&#8230;)<\/p>\n<p>Gagner en efficacit\u00e9 dans l&rsquo;organisation du travail<\/p>\t\t\t\t\t\t<\/div>\n\t\t\t\t<\/div>\n\t\t\t\t<div class=\"elementor-element elementor-element-d6d9527 elementor-widget elementor-widget-button\" data-id=\"d6d9527\" data-element_type=\"widget\" data-widget_type=\"button.default\">\n\t\t\t\t<div class=\"elementor-widget-container\">\n\t\t\t\t\t<div class=\"elementor-button-wrapper\">\n\t\t\t<a href=\"https:\/\/1gskills.fr\/index.php\/contact\/\" class=\"elementor-button-link elementor-button elementor-size-sm\" role=\"button\">\n\t\t\t\t\t\t<span class=\"elementor-button-content-wrapper\">\n\t\t\t\t\t\t<span class=\"elementor-button-text\">Contact<\/span>\n\t\t<\/span>\n\t\t\t\t\t<\/a>\n\t\t<\/div>\n\t\t\t\t<\/div>\n\t\t\t\t<\/div>\n\t\t\t\t\t<\/div>\n\t\t<\/div>\n\t\t\t\t\t\t\t<\/div>\n\t\t<\/section>\n\t\t\t\t<section class=\"elementor-section elementor-top-section elementor-element elementor-element-6027d0f elementor-reverse-mobile elementor-section-boxed elementor-section-height-default elementor-section-height-default\" data-id=\"6027d0f\" data-element_type=\"section\">\n\t\t\t\t\t\t<div class=\"elementor-container elementor-column-gap-no\">\n\t\t\t\t\t<div class=\"elementor-column elementor-col-50 elementor-top-column elementor-element elementor-element-355c572\" data-id=\"355c572\" data-element_type=\"column\">\n\t\t\t<div class=\"elementor-widget-wrap elementor-element-populated\">\n\t\t\t\t\t\t\t\t<div class=\"elementor-element elementor-element-feeaa45 elementor-position-top elementor-vertical-align-top elementor-widget elementor-widget-image-box\" data-id=\"feeaa45\" data-element_type=\"widget\" data-widget_type=\"image-box.default\">\n\t\t\t\t<div class=\"elementor-widget-container\">\n\t\t\t<div class=\"elementor-image-box-wrapper\"><div class=\"elementor-image-box-content\"><h2 class=\"elementor-image-box-title\">Ing\u00e9nierie<\/h2><\/div><\/div>\t\t<\/div>\n\t\t\t\t<\/div>\n\t\t\t\t<div class=\"elementor-element elementor-element-d799369 elementor-widget elementor-widget-text-editor\" data-id=\"d799369\" data-element_type=\"widget\" data-widget_type=\"text-editor.default\">\n\t\t\t\t<div class=\"elementor-widget-container\">\n\t\t\t\t\t\t\t<p>Accompagnement \u00e0 l\u2019ing\u00e9nierie financi\u00e8re et p\u00e9dagogique de formation<\/p>\n<p>Accompagnement de branches professionnelles au r\u00e9f\u00e9rencement de certificats au CNCP (France Comp\u00e9tences)<\/p>\n<p>Conception d\u2019outils de positionnement des comp\u00e9tences&nbsp;<\/p>\t\t\t\t\t\t<\/div>\n\t\t\t\t<\/div>\n\t\t\t\t<div class=\"elementor-element elementor-element-882c271 elementor-widget elementor-widget-button\" data-id=\"882c271\" data-element_type=\"widget\" data-widget_type=\"button.default\">\n\t\t\t\t<div class=\"elementor-widget-container\">\n\t\t\t\t\t<div class=\"elementor-button-wrapper\">\n\t\t\t<a href=\"https:\/\/1gskills.fr\/index.php\/contact\/\" class=\"elementor-button-link elementor-button elementor-size-sm\" role=\"button\">\n\t\t\t\t\t\t<span class=\"elementor-button-content-wrapper\">\n\t\t\t\t\t\t<span class=\"elementor-button-text\">Contact<\/span>\n\t\t<\/span>\n\t\t\t\t\t<\/a>\n\t\t<\/div>\n\t\t\t\t<\/div>\n\t\t\t\t<\/div>\n\t\t\t\t\t<\/div>\n\t\t<\/div>\n\t\t\t\t<div class=\"elementor-column elementor-col-50 elementor-top-column elementor-element elementor-element-623a32c\" data-id=\"623a32c\" data-element_type=\"column\">\n\t\t\t<div class=\"elementor-widget-wrap elementor-element-populated\">\n\t\t\t\t\t\t\t\t<div class=\"elementor-element elementor-element-628e670 elementor-widget elementor-widget-image\" data-id=\"628e670\" data-element_type=\"widget\" data-widget_type=\"image.default\">\n\t\t\t\t<div class=\"elementor-widget-container\">\n\t\t\t\t\t\t\t\t\t\t\t\t\t\t\t<img loading=\"lazy\" decoding=\"async\" width=\"1024\" height=\"682\" src=\"https:\/\/1gskills.fr\/wp-content\/uploads\/2020\/04\/photo-of-people-standing-on-top-of-mountain-near-grasses-733162-1024x682.jpg\" class=\"attachment-large size-large wp-image-1821\" alt=\"\" srcset=\"https:\/\/1gskills.fr\/wp-content\/uploads\/2020\/04\/photo-of-people-standing-on-top-of-mountain-near-grasses-733162-1024x682.jpg 1024w, https:\/\/1gskills.fr\/wp-content\/uploads\/2020\/04\/photo-of-people-standing-on-top-of-mountain-near-grasses-733162-300x200.jpg 300w, https:\/\/1gskills.fr\/wp-content\/uploads\/2020\/04\/photo-of-people-standing-on-top-of-mountain-near-grasses-733162-768x512.jpg 768w, https:\/\/1gskills.fr\/wp-content\/uploads\/2020\/04\/photo-of-people-standing-on-top-of-mountain-near-grasses-733162.jpg 1280w\" sizes=\"auto, (max-width: 1024px) 100vw, 1024px\" \/>\t\t\t\t\t\t\t\t\t\t\t\t\t\t\t<\/div>\n\t\t\t\t<\/div>\n\t\t\t\t\t<\/div>\n\t\t<\/div>\n\t\t\t\t\t\t\t<\/div>\n\t\t<\/section>\n\t\t\t\t\t\t\t<\/div>\n\t\t","protected":false},"excerpt":{"rendered":"<p>offre de Services 1Gskills Conseil Elaboration de r\u00e9f\u00e9rentiels emplois \/ comp\u00e9tences Construction de strat\u00e9gies emploi et formation Accompagnement aux changements Contact Formations Formation de formateurs, de tuteurs&nbsp; D\u00e9velopper son management&nbsp; RH et pr\u00e9vention de la sant\u00e9 au travail (RPS, VSS) Communication (aisance professionnelle et assertivit\u00e9) Gestion des situations difficiles (conflits, incivilit\u00e9s&#8230;) Gagner en efficacit\u00e9 dans &hellip;<\/p>\n<p class=\"read-more\"> <a class=\"\" href=\"https:\/\/1gskills.fr\/index.php\/services\/\"> <span class=\"screen-reader-text\">Services<\/span> Lire la suite\u00a0\u00bb<\/a><\/p>\n","protected":false},"author":1,"featured_media":0,"parent":0,"menu_order":0,"comment_status":"closed","ping_status":"closed","template":"","meta":{"site-sidebar-layout":"no-sidebar","site-content-layout":"page-builder","ast-global-header-display":"","ast-main-header-display":"","ast-hfb-above-header-display":"","ast-hfb-below-header-display":"","ast-hfb-mobile-header-display":"","site-post-title":"disabled","ast-breadcrumbs-content":"","ast-featured-img":"","footer-sml-layout":"","theme-transparent-header-meta":"enabled","adv-header-id-meta":"","stick-header-meta":"","header-above-stick-meta":"","header-main-stick-meta":"","header-below-stick-meta":"","footnotes":""},"class_list":["post-1829","page","type-page","status-publish","hentry"],"yoast_head":"<!-- This site is optimized with the Yoast SEO plugin v20.3 - https:\/\/yoast.com\/wordpress\/plugins\/seo\/ -->\n<title>Services - 1GSkills<\/title>\n<meta name=\"robots\" content=\"index, follow, max-snippet:-1, max-image-preview:large, max-video-preview:-1\" \/>\n<link rel=\"canonical\" href=\"https:\/\/1gskills.fr\/index.php\/services\/\" \/>\n<meta property=\"og:locale\" content=\"fr_FR\" \/>\n<meta property=\"og:type\" content=\"article\" \/>\n<meta property=\"og:title\" content=\"Services - 1GSkills\" \/>\n<meta property=\"og:description\" content=\"offre de Services 1Gskills Conseil Elaboration de r\u00e9f\u00e9rentiels emplois \/ comp\u00e9tences Construction de strat\u00e9gies emploi et formation Accompagnement aux changements Contact Formations Formation de formateurs, de tuteurs&nbsp; D\u00e9velopper son management&nbsp; RH et pr\u00e9vention de la sant\u00e9 au travail (RPS, VSS) Communication (aisance professionnelle et assertivit\u00e9) Gestion des situations difficiles (conflits, incivilit\u00e9s&#8230;) Gagner en efficacit\u00e9 dans &hellip; Services Lire la suite\u00a0\u00bb\" \/>\n<meta property=\"og:url\" content=\"https:\/\/1gskills.fr\/index.php\/services\/\" \/>\n<meta property=\"og:site_name\" content=\"1GSkills\" \/>\n<meta property=\"article:modified_time\" content=\"2025-02-21T08:28:30+00:00\" \/>\n<meta property=\"og:image\" content=\"https:\/\/1gskills.fr\/wp-content\/uploads\/2020\/04\/green-leafed-trees-during-fog-time-167684-1024x682.jpg\" \/>\n<meta name=\"twitter:card\" content=\"summary_large_image\" \/>\n<meta name=\"twitter:label1\" content=\"Dur\u00e9e de lecture estim\u00e9e\" \/>\n\t<meta name=\"twitter:data1\" content=\"2 minutes\" \/>\n<script type=\"application\/ld+json\" class=\"yoast-schema-graph\">{\"@context\":\"https:\/\/schema.org\",\"@graph\":[{\"@type\":\"WebPage\",\"@id\":\"https:\/\/1gskills.fr\/index.php\/services\/\",\"url\":\"https:\/\/1gskills.fr\/index.php\/services\/\",\"name\":\"Services - 1GSkills\",\"isPartOf\":{\"@id\":\"https:\/\/1gskills.fr\/#website\"},\"datePublished\":\"2020-04-13T11:18:50+00:00\",\"dateModified\":\"2025-02-21T08:28:30+00:00\",\"breadcrumb\":{\"@id\":\"https:\/\/1gskills.fr\/index.php\/services\/#breadcrumb\"},\"inLanguage\":\"fr-FR\",\"potentialAction\":[{\"@type\":\"ReadAction\",\"target\":[\"https:\/\/1gskills.fr\/index.php\/services\/\"]}]},{\"@type\":\"BreadcrumbList\",\"@id\":\"https:\/\/1gskills.fr\/index.php\/services\/#breadcrumb\",\"itemListElement\":[{\"@type\":\"ListItem\",\"position\":1,\"name\":\"Accueil\",\"item\":\"https:\/\/1gskills.fr\/\"},{\"@type\":\"ListItem\",\"position\":2,\"name\":\"Services\"}]},{\"@type\":\"WebSite\",\"@id\":\"https:\/\/1gskills.fr\/#website\",\"url\":\"https:\/\/1gskills.fr\/\",\"name\":\"1GSkills\",\"description\":\"Un site utilisant WordPress\",\"publisher\":{\"@id\":\"https:\/\/1gskills.fr\/#organization\"},\"potentialAction\":[{\"@type\":\"SearchAction\",\"target\":{\"@type\":\"EntryPoint\",\"urlTemplate\":\"https:\/\/1gskills.fr\/?s={search_term_string}\"},\"query-input\":\"required name=search_term_string\"}],\"inLanguage\":\"fr-FR\"},{\"@type\":\"Organization\",\"@id\":\"https:\/\/1gskills.fr\/#organization\",\"name\":\"1GSkills\",\"url\":\"https:\/\/1gskills.fr\/\",\"logo\":{\"@type\":\"ImageObject\",\"inLanguage\":\"fr-FR\",\"@id\":\"https:\/\/1gskills.fr\/#\/schema\/logo\/image\/\",\"url\":\"https:\/\/1gskills.fr\/wp-content\/uploads\/2023\/03\/cropped-cropped-LOGO-1G-SKILL-1.png\",\"contentUrl\":\"https:\/\/1gskills.fr\/wp-content\/uploads\/2023\/03\/cropped-cropped-LOGO-1G-SKILL-1.png\",\"width\":1453,\"height\":1771,\"caption\":\"1GSkills\"},\"image\":{\"@id\":\"https:\/\/1gskills.fr\/#\/schema\/logo\/image\/\"}}]}<\/script>\n<!-- \/ Yoast SEO plugin. -->","yoast_head_json":{"title":"Services - 1GSkills","robots":{"index":"index","follow":"follow","max-snippet":"max-snippet:-1","max-image-preview":"max-image-preview:large","max-video-preview":"max-video-preview:-1"},"canonical":"https:\/\/1gskills.fr\/index.php\/services\/","og_locale":"fr_FR","og_type":"article","og_title":"Services - 1GSkills","og_description":"offre de Services 1Gskills Conseil Elaboration de r\u00e9f\u00e9rentiels emplois \/ comp\u00e9tences Construction de strat\u00e9gies emploi et formation Accompagnement aux changements Contact Formations Formation de formateurs, de tuteurs&nbsp; D\u00e9velopper son management&nbsp; RH et pr\u00e9vention de la sant\u00e9 au travail (RPS, VSS) Communication (aisance professionnelle et assertivit\u00e9) Gestion des situations difficiles (conflits, incivilit\u00e9s&#8230;) Gagner en efficacit\u00e9 dans &hellip; Services Lire la suite\u00a0\u00bb","og_url":"https:\/\/1gskills.fr\/index.php\/services\/","og_site_name":"1GSkills","article_modified_time":"2025-02-21T08:28:30+00:00","og_image":[{"url":"https:\/\/1gskills.fr\/wp-content\/uploads\/2020\/04\/green-leafed-trees-during-fog-time-167684-1024x682.jpg"}],"twitter_card":"summary_large_image","twitter_misc":{"Dur\u00e9e de lecture estim\u00e9e":"2 minutes"},"schema":{"@context":"https:\/\/schema.org","@graph":[{"@type":"WebPage","@id":"https:\/\/1gskills.fr\/index.php\/services\/","url":"https:\/\/1gskills.fr\/index.php\/services\/","name":"Services - 1GSkills","isPartOf":{"@id":"https:\/\/1gskills.fr\/#website"},"datePublished":"2020-04-13T11:18:50+00:00","dateModified":"2025-02-21T08:28:30+00:00","breadcrumb":{"@id":"https:\/\/1gskills.fr\/index.php\/services\/#breadcrumb"},"inLanguage":"fr-FR","potentialAction":[{"@type":"ReadAction","target":["https:\/\/1gskills.fr\/index.php\/services\/"]}]},{"@type":"BreadcrumbList","@id":"https:\/\/1gskills.fr\/index.php\/services\/#breadcrumb","itemListElement":[{"@type":"ListItem","position":1,"name":"Accueil","item":"https:\/\/1gskills.fr\/"},{"@type":"ListItem","position":2,"name":"Services"}]},{"@type":"WebSite","@id":"https:\/\/1gskills.fr\/#website","url":"https:\/\/1gskills.fr\/","name":"1GSkills","description":"Un site utilisant WordPress","publisher":{"@id":"https:\/\/1gskills.fr\/#organization"},"potentialAction":[{"@type":"SearchAction","target":{"@type":"EntryPoint","urlTemplate":"https:\/\/1gskills.fr\/?s={search_term_string}"},"query-input":"required name=search_term_string"}],"inLanguage":"fr-FR"},{"@type":"Organization","@id":"https:\/\/1gskills.fr\/#organization","name":"1GSkills","url":"https:\/\/1gskills.fr\/","logo":{"@type":"ImageObject","inLanguage":"fr-FR","@id":"https:\/\/1gskills.fr\/#\/schema\/logo\/image\/","url":"https:\/\/1gskills.fr\/wp-content\/uploads\/2023\/03\/cropped-cropped-LOGO-1G-SKILL-1.png","contentUrl":"https:\/\/1gskills.fr\/wp-content\/uploads\/2023\/03\/cropped-cropped-LOGO-1G-SKILL-1.png","width":1453,"height":1771,"caption":"1GSkills"},"image":{"@id":"https:\/\/1gskills.fr\/#\/schema\/logo\/image\/"}}]}},"_links":{"self":[{"href":"https:\/\/1gskills.fr\/index.php\/wp-json\/wp\/v2\/pages\/1829","targetHints":{"allow":["GET"]}}],"collection":[{"href":"https:\/\/1gskills.fr\/index.php\/wp-json\/wp\/v2\/pages"}],"about":[{"href":"https:\/\/1gskills.fr\/index.php\/wp-json\/wp\/v2\/types\/page"}],"author":[{"embeddable":true,"href":"https:\/\/1gskills.fr\/index.php\/wp-json\/wp\/v2\/users\/1"}],"replies":[{"embeddable":true,"href":"https:\/\/1gskills.fr\/index.php\/wp-json\/wp\/v2\/comments?post=1829"}],"version-history":[{"count":55,"href":"https:\/\/1gskills.fr\/index.php\/wp-json\/wp\/v2\/pages\/1829\/revisions"}],"predecessor-version":[{"id":2176,"href":"https:\/\/1gskills.fr\/index.php\/wp-json\/wp\/v2\/pages\/1829\/revisions\/2176"}],"wp:attachment":[{"href":"https:\/\/1gskills.fr\/index.php\/wp-json\/wp\/v2\/media?parent=1829"}],"curies":[{"name":"wp","href":"https:\/\/api.w.org\/{rel}","templated":true}]}}